{"id":10732,"date":"2013-05-24T20:00:14","date_gmt":"2013-05-24T20:00:14","guid":{"rendered":"http:\/\/www.oblutak.rs\/kamen-oblutak-2\/"},"modified":"2018-03-30T20:59:36","modified_gmt":"2018-03-30T20:59:36","slug":"kamen-oblutak","status":"publish","type":"page","link":"https:\/\/www.oblutak.rs\/en\/kamen-oblutak\/","title":{"rendered":"O kamenu oblutak"},"content":{"rendered":"<div class=\"fusion-fullwidth fullwidth-box fusion-builder-row-1 fusion-parallax-fixed nonhundred-percent-fullwidth non-hundred-percent-height-scrolling\" style=\"--awb-border-color:#e5e4e4;--awb-border-radius-top-left:0px;--awb-border-radius-top-right:0px;--awb-border-radius-bottom-right:0px;--awb-border-radius-bottom-left:0px;--awb-padding-top:20px;--awb-padding-bottom:0px;--awb-background-color:#fff;--awb-background-image:url(&quot;http:\/\/www.oblutak.rs\/wp-content\/uploads\/2013\/05\/kamen-bg.jpg&quot;);--awb-background-size:cover;--awb-border-sizes-top:1px;--awb-border-sizes-bottom:1px;background-attachment:fixed;\" ><div class=\"fusion-builder-row fusion-row\"><div class=\"fusion-layout-column fusion_builder_column fusion-builder-column-0 fusion_builder_column_1_1 1_1 fusion-one-full fusion-column-first fusion-column-last fusion-column-no-min-height\" style=\"--awb-padding-top:20px;--awb-padding-right:20px;--awb-padding-bottom:20px;--awb-padding-left:20px;--awb-bg-color:rgba(0,0,0,0.58);--awb-bg-size:cover;--awb-margin-top:100px;--awb-margin-bottom:100px;\"><div class=\"fusion-column-wrapper fusion-flex-column-wrapper-legacy\"><div class=\"fusion-text fusion-text-1\"><h3 style=\"text-align: center;\"><span style=\"color: #ffffff;\">Prirodni kamen je material koji ve\u010dno traje.<\/span><br \/>\n<span style=\"color: #ffffff;\"> Priroda je riznica raznih boja i oblika. Od svih boja izdvaja se naj\u010distija prirodna bela boja Prilepskog belog mermera. Kretanjem kamena kroz prirodu nastaje najlep\u0161i i najidealniji okrugli oblik kamena.<\/span><br \/>\n<span style=\"color: #ffffff;\"> Spajanjem beline i oblika nastao je beli mermerni oblutak ,izuzetne beline i neponovljive lepote.<\/span><\/h3>\n<h2 style=\"text-align: center;\"><span style=\"color: #ffffff;\">Beli mermerni oblutak moze se naci u sledecin granulacijama<\/span><br \/>\n<span style=\"color: #ffffff;\"> 7-16mm, 16-24mm, 24-32mm, 32-45mm,45-65mm, 65-100mm.<\/span><\/h2>\n<h3 style=\"text-align: center;\"><span style=\"color: #ffffff;\">Od ostalih prirodnih boja kamena izdvajamo \u017euti, sivi, crveni i crni u svim granulacijama.<\/span><br \/>\n<span style=\"color: #ffffff;\"> Prirodni oblutak se mo\u017ee koristiti za dekoraciju : dvori\u0161ta, ba\u0161ta, saksija \u2026, za izradu staza, drena\u017ea,raznih ukrasnih \u017eardinjera, ograda, stubova, fontana&#8230;, za ukra\u0161avanje enterijera i eksterijera.<\/span><\/h3>\n<\/div><div class=\"fusion-clearfix\"><\/div><\/div><\/div><\/div><\/div>\n","protected":false},"excerpt":{"rendered":"","protected":false},"author":2,"featured_media":0,"parent":0,"menu_order":0,"comment_status":"open","ping_status":"closed","template":"100-width.php","meta":{"ngg_post_thumbnail":0},"_links":{"self":[{"href":"https:\/\/www.oblutak.rs\/en\/wp-json\/wp\/v2\/pages\/10732"}],"collection":[{"href":"https:\/\/www.oblutak.rs\/en\/wp-json\/wp\/v2\/pages"}],"about":[{"href":"https:\/\/www.oblutak.rs\/en\/wp-json\/wp\/v2\/types\/page"}],"author":[{"embeddable":true,"href":"https:\/\/www.oblutak.rs\/en\/wp-json\/wp\/v2\/users\/2"}],"replies":[{"embeddable":true,"href":"https:\/\/www.oblutak.rs\/en\/wp-json\/wp\/v2\/comments?post=10732"}],"version-history":[{"count":9,"href":"https:\/\/www.oblutak.rs\/en\/wp-json\/wp\/v2\/pages\/10732\/revisions"}],"predecessor-version":[{"id":10783,"href":"https:\/\/www.oblutak.rs\/en\/wp-json\/wp\/v2\/pages\/10732\/revisions\/10783"}],"wp:attachment":[{"href":"https:\/\/www.oblutak.rs\/en\/wp-json\/wp\/v2\/media?parent=10732"}],"curies":[{"name":"wp","href":"https:\/\/api.w.org\/{rel}","templated":true}]}}